{"id":24,"date":"2025-10-08T15:50:26","date_gmt":"2025-10-08T15:50:26","guid":{"rendered":"https:\/\/crazy-foods.de\/?page_id=24"},"modified":"2025-10-08T23:13:40","modified_gmt":"2025-10-08T23:13:40","slug":"die-crazy-crew","status":"publish","type":"page","link":"https:\/\/crazy-foods.de\/?page_id=24","title":{"rendered":"Die Crazy-Crew."},"content":{"rendered":"\t\t<div data-elementor-type=\"wp-page\" data-elementor-id=\"24\" class=\"elementor elementor-24\" data-elementor-settings=\"{&quot;ha_cmc_init_switcher&quot;:&quot;no&quot;}\" data-elementor-post-type=\"page\">\n\t\t\t\t<div class=\"elementor-element elementor-element-f1d40aa e-flex e-con-boxed wpr-particle-no wpr-jarallax-no wpr-parallax-no wpr-sticky-section-no e-con e-parent\" data-id=\"f1d40aa\" data-element_type=\"container\" data-settings=\"{&quot;background_background&quot;:&quot;classic&quot;,&quot;_ha_eqh_enable&quot;:false}\">\n\t\t\t\t\t<div class=\"e-con-inner\">\n\t\t<div class=\"elementor-element elementor-element-b107a7e e-con-full e-flex wpr-particle-no wpr-jarallax-no wpr-parallax-no wpr-sticky-section-no e-con e-child\" data-id=\"b107a7e\" data-element_type=\"container\" data-settings=\"{&quot;_ha_eqh_enable&quot;:false}\">\n\t\t\t\t<\/div>\n\t\t<div class=\"elementor-element elementor-element-f749693 e-con-full e-flex wpr-particle-no wpr-jarallax-no wpr-parallax-no wpr-sticky-section-no e-con e-child\" data-id=\"f749693\" data-element_type=\"container\" data-settings=\"{&quot;_ha_eqh_enable&quot;:false}\">\n\t\t\t\t<div class=\"elementor-element elementor-element-f3ae532 exad-sticky-section-no exad-glass-effect-no elementor-widget elementor-widget-heading\" data-id=\"f3ae532\" data-element_type=\"widget\" data-widget_type=\"heading.default\">\n\t\t\t\t\t<h2 class=\"elementor-heading-title elementor-size-default\">Die Crew<\/h2>\t\t\t\t<\/div>\n\t\t\t\t<div class=\"elementor-element elementor-element-b3d899e exad-sticky-section-no exad-glass-effect-no elementor-widget elementor-widget-text-editor\" data-id=\"b3d899e\" data-element_type=\"widget\" data-widget_type=\"text-editor.default\">\n\t\t\t\t\t\t\t\t\t<p>Man nennt uns <strong data-start=\"2283\" data-end=\"2300\">Ketchup-K\u00f6nig<\/strong> und <strong data-start=\"2305\" data-end=\"2320\">Bun-Baronin<\/strong> \u2013 zusammen sind wir die <strong data-start=\"2345\" data-end=\"2357\">Bun-Gang<\/strong>. Wenn\u2019s knackt, haben wir alles richtig gemacht.<\/p>\t\t\t\t\t\t\t\t<\/div>\n\t\t\t\t<\/div>\n\t\t<div class=\"elementor-element elementor-element-d709406 e-con-full e-flex wpr-particle-no wpr-jarallax-no wpr-parallax-no wpr-sticky-section-no e-con e-child\" data-id=\"d709406\" data-element_type=\"container\" data-settings=\"{&quot;_ha_eqh_enable&quot;:false}\">\n\t\t\t\t<\/div>\n\t\t\t\t\t<\/div>\n\t\t\t\t<\/div>\n\t\t<div class=\"elementor-element elementor-element-994c4d2 e-flex e-con-boxed wpr-particle-no wpr-jarallax-no wpr-parallax-no wpr-sticky-section-no e-con e-parent\" data-id=\"994c4d2\" data-element_type=\"container\" data-settings=\"{&quot;background_background&quot;:&quot;classic&quot;,&quot;_ha_eqh_enable&quot;:false}\">\n\t\t\t\t\t<div class=\"e-con-inner\">\n\t\t<div class=\"elementor-element elementor-element-3914424 e-con-full e-flex wpr-particle-no wpr-jarallax-no wpr-parallax-no wpr-sticky-section-no e-con e-child\" data-id=\"3914424\" data-element_type=\"container\" data-settings=\"{&quot;_ha_eqh_enable&quot;:false}\">\n\t\t\t\t<div class=\"elementor-element elementor-element-3053b12 exad-sticky-section-no exad-glass-effect-no elementor-widget elementor-widget-image\" data-id=\"3053b12\" data-element_type=\"widget\" data-widget_type=\"image.default\">\n\t\t\t\t\t\t\t\t\t\t\t\t\t\t\t<img fetchpriority=\"high\" decoding=\"async\" width=\"800\" height=\"533\" src=\"https:\/\/crazy-foods.de\/wp-content\/uploads\/2025\/10\/Die-Crew-Crazy-Foods-003.png\" class=\"attachment-large size-large wp-image-406\" alt=\"\" \/>\t\t\t\t\t\t\t\t\t\t\t\t\t\t\t<\/div>\n\t\t\t\t<\/div>\n\t\t<div class=\"elementor-element elementor-element-eeed466 e-con-full e-flex wpr-particle-no wpr-jarallax-no wpr-parallax-no wpr-sticky-section-no e-con e-child\" data-id=\"eeed466\" data-element_type=\"container\" data-settings=\"{&quot;_ha_eqh_enable&quot;:false}\">\n\t\t\t\t<div class=\"elementor-element elementor-element-9d09eb0 exad-sticky-section-no exad-glass-effect-no elementor-widget elementor-widget-image\" data-id=\"9d09eb0\" data-element_type=\"widget\" data-widget_type=\"image.default\">\n\t\t\t\t\t\t\t\t\t\t\t\t\t\t\t<img decoding=\"async\" width=\"1536\" height=\"1024\" src=\"https:\/\/crazy-foods.de\/wp-content\/uploads\/2025\/10\/Die-Crew-Crazy-Foods.png\" class=\"attachment-full size-full wp-image-379\" alt=\"\" \/>\t\t\t\t\t\t\t\t\t\t\t\t\t\t\t<\/div>\n\t\t\t\t<\/div>\n\t\t<div class=\"elementor-element elementor-element-cf92d1f e-con-full e-flex wpr-particle-no wpr-jarallax-no wpr-parallax-no wpr-sticky-section-no e-con e-child\" data-id=\"cf92d1f\" data-element_type=\"container\" data-settings=\"{&quot;_ha_eqh_enable&quot;:false}\">\n\t\t\t\t<div class=\"elementor-element elementor-element-c160a92 exad-sticky-section-no exad-glass-effect-no elementor-widget elementor-widget-image\" data-id=\"c160a92\" data-element_type=\"widget\" data-widget_type=\"image.default\">\n\t\t\t\t\t\t\t\t\t\t\t\t\t\t\t<img decoding=\"async\" width=\"800\" height=\"533\" src=\"https:\/\/crazy-foods.de\/wp-content\/uploads\/2025\/10\/Die-Crew-Crazy-Foods-002.png\" class=\"attachment-large size-large wp-image-405\" alt=\"\" \/>\t\t\t\t\t\t\t\t\t\t\t\t\t\t\t<\/div>\n\t\t\t\t<\/div>\n\t\t\t\t\t<\/div>\n\t\t\t\t<\/div>\n\t\t<div class=\"elementor-element elementor-element-77e536f e-con-full e-flex wpr-particle-no wpr-jarallax-no wpr-parallax-no wpr-sticky-section-no e-con e-parent\" data-id=\"77e536f\" data-element_type=\"container\" data-settings=\"{&quot;background_background&quot;:&quot;classic&quot;,&quot;_ha_eqh_enable&quot;:false}\">\n\t\t<div class=\"elementor-element elementor-element-d621d04 e-con-full e-flex wpr-particle-no wpr-jarallax-no wpr-parallax-no wpr-sticky-section-no e-con e-child\" data-id=\"d621d04\" data-element_type=\"container\" data-settings=\"{&quot;background_background&quot;:&quot;classic&quot;,&quot;_ha_eqh_enable&quot;:false}\">\n\t\t\t\t<div class=\"elementor-element elementor-element-7a61ee6 exad-sticky-section-no exad-glass-effect-no elementor-widget elementor-widget-heading\" data-id=\"7a61ee6\" data-element_type=\"widget\" data-widget_type=\"heading.default\">\n\t\t\t\t\t<h2 class=\"elementor-heading-title elementor-size-default\">\u00dcber uns? \u00dcber lecker.<\/h2>\t\t\t\t<\/div>\n\t\t\t\t<div class=\"elementor-element elementor-element-fb76a2e exad-sticky-section-no exad-glass-effect-no elementor-widget elementor-widget-text-editor\" data-id=\"fb76a2e\" data-element_type=\"widget\" data-widget_type=\"text-editor.default\">\n\t\t\t\t\t\t\t\t\t<p>Wir sind <strong data-start=\"170\" data-end=\"185\">Crazy Foods<\/strong>: zwei Herzmenschen mit einem Soft-Spot f\u00fcr Streetfood, knacksfrische Dogs und So\u00dfen, die flirten. Aus einem Senffleck und einem Ketchup-L\u00e4cheln wurde eine Mission: <strong data-start=\"350\" data-end=\"376\">Gute Laune im Br\u00f6tchen<\/strong> &#8211; \u00fcberall, wo wir hinrollen.<\/p>\t\t\t\t\t\t\t\t<\/div>\n\t\t\t\t<\/div>\n\t\t<div class=\"elementor-element elementor-element-6681f06 e-con-full e-flex wpr-particle-no wpr-jarallax-no wpr-parallax-no wpr-sticky-section-no e-con e-child\" data-id=\"6681f06\" data-element_type=\"container\" data-settings=\"{&quot;background_background&quot;:&quot;classic&quot;,&quot;_ha_eqh_enable&quot;:false}\">\n\t\t\t\t<div class=\"elementor-element elementor-element-4fc75bf exad-sticky-section-no exad-glass-effect-no elementor-widget elementor-widget-heading\" data-id=\"4fc75bf\" data-element_type=\"widget\" data-widget_type=\"heading.default\">\n\t\t\t\t\t<h2 class=\"elementor-heading-title elementor-size-default\">Unsere Story \n(die Kurzversion)<\/h2>\t\t\t\t<\/div>\n\t\t\t\t<div class=\"elementor-element elementor-element-4be6316 exad-sticky-section-no exad-glass-effect-no elementor-widget elementor-widget-text-editor\" data-id=\"4be6316\" data-element_type=\"widget\" data-widget_type=\"text-editor.default\">\n\t\t\t\t\t\t\t\t\t<p>Er: \u201eTeam Senf.\u201c Sie: \u201eTeam Ketchup.\u201c Ergebnis: <strong data-start=\"738\" data-end=\"750\">Team Wow<\/strong>. Nach unz\u00e4hligen Streetfood-Dates hatten wir pl\u00f6tzlich einen <strong data-start=\"812\" data-end=\"827\">Bun im Ofen<\/strong> (kulinarisch!) \u2013 neun Monate sp\u00e4ter kam unser Baby auf die Welt: <strong data-start=\"893\" data-end=\"911\">der Food Truck<\/strong>. Chrom, Charme, Chili \u2013 und jede Menge R\u00f6stzwiebeln.<\/p>\t\t\t\t\t\t\t\t<\/div>\n\t\t\t\t<\/div>\n\t\t<div class=\"elementor-element elementor-element-9201909 e-con-full e-flex wpr-particle-no wpr-jarallax-no wpr-parallax-no wpr-sticky-section-no e-con e-child\" data-id=\"9201909\" data-element_type=\"container\" data-settings=\"{&quot;background_background&quot;:&quot;classic&quot;,&quot;_ha_eqh_enable&quot;:false}\">\n\t\t\t\t<div class=\"elementor-element elementor-element-95af4eb exad-sticky-section-no exad-glass-effect-no elementor-widget elementor-widget-heading\" data-id=\"95af4eb\" data-element_type=\"widget\" data-widget_type=\"heading.default\">\n\t\t\t\t\t<h2 class=\"elementor-heading-title elementor-size-default\">Was wir machen \n(und warum\u2019s Spa\u00df macht)<\/h2>\t\t\t\t<\/div>\n\t\t\t\t<div class=\"elementor-element elementor-element-546c869 exad-sticky-section-no exad-glass-effect-no elementor-widget elementor-widget-text-editor\" data-id=\"546c869\" data-element_type=\"widget\" data-widget_type=\"text-editor.default\">\n\t\t\t\t\t\t\t\t\t<ul><li data-start=\"1304\" data-end=\"1432\"><p data-start=\"1306\" data-end=\"1432\"><strong data-start=\"1306\" data-end=\"1329\">Hotdogs &amp; Corn Dogs<\/strong>: knusprig, saftig, \u201enoch einen bitte\u201c.<br data-start=\"1368\" data-end=\"1371\" \/><em data-start=\"1373\" data-end=\"1430\">Hot dogs &amp; corn dogs: crispy, juicy, \u201cone more please.\u201d<\/em><\/p><\/li><li data-start=\"1433\" data-end=\"1587\"><p data-start=\"1435\" data-end=\"1587\"><strong data-start=\"1435\" data-end=\"1461\">Toppings mit Charakter<\/strong>: von brav bis \u201ewer hat den Feuerl\u00f6scher?\u201c.<br data-start=\"1504\" data-end=\"1507\" \/><em data-start=\"1509\" data-end=\"1585\">Toppings with personality: from nice to \u201cwho\u2019s got the fire extinguisher?\u201d<\/em><\/p><\/li><li data-start=\"1588\" data-end=\"1702\"><p data-start=\"1590\" data-end=\"1702\"><strong data-start=\"1590\" data-end=\"1611\">Vegan? Aber klar.<\/strong> Gleich viel Liebe, anderes Kost\u00fcm.<br data-start=\"1646\" data-end=\"1649\" \/><em data-start=\"1651\" data-end=\"1700\">Vegan? Absolutely. Same love, different outfit.<\/em><\/p><\/li><li data-start=\"1703\" data-end=\"1827\"><p data-start=\"1705\" data-end=\"1827\"><strong data-start=\"1705\" data-end=\"1731\">Loaded Fries &amp; Friends<\/strong>: weil Pommes auch Gef\u00fchle haben.<br data-start=\"1764\" data-end=\"1767\" \/><em data-start=\"1769\" data-end=\"1827\">Loaded fries &amp; friends: because fries have feelings too.<\/em><\/p><\/li><\/ul>\t\t\t\t\t\t\t\t<\/div>\n\t\t\t\t<\/div>\n\t\t<div class=\"elementor-element elementor-element-dcd53f3 e-con-full e-flex wpr-particle-no wpr-jarallax-no wpr-parallax-no wpr-sticky-section-no e-con e-child\" data-id=\"dcd53f3\" data-element_type=\"container\" data-settings=\"{&quot;background_background&quot;:&quot;classic&quot;,&quot;_ha_eqh_enable&quot;:false}\">\n\t\t\t\t<div class=\"elementor-element elementor-element-e09d690 exad-sticky-section-no exad-glass-effect-no elementor-widget elementor-widget-heading\" data-id=\"e09d690\" data-element_type=\"widget\" data-widget_type=\"heading.default\">\n\t\t\t\t\t<h2 class=\"elementor-heading-title elementor-size-default\">Hausregeln<\/h2>\t\t\t\t<\/div>\n\t\t\t\t<div class=\"elementor-element elementor-element-31e1eb0 exad-sticky-section-no exad-glass-effect-no elementor-widget elementor-widget-text-editor\" data-id=\"31e1eb0\" data-element_type=\"widget\" data-widget_type=\"text-editor.default\">\n\t\t\t\t\t\t\t\t\t<p data-start=\"2568\" data-end=\"2640\"><strong data-start=\"2568\" data-end=\"2602\">Mehr Toppings, weniger Topics.<\/strong><br data-start=\"2602\" data-end=\"2605\" \/><em data-start=\"2608\" data-end=\"2638\">More toppings, fewer topics.<\/em><\/p><p data-start=\"2644\" data-end=\"2752\"><strong data-start=\"2644\" data-end=\"2670\">Servietten sind Liebe.<\/strong> <strong>Nimm dir so viele du willst.<\/strong><br data-start=\"2699\" data-end=\"2702\" \/><em data-start=\"2705\" data-end=\"2750\">Napkins are love. Take as many as you like.<\/em><\/p><p data-start=\"2644\" data-end=\"2752\"><strong data-start=\"2756\" data-end=\"2778\">Kritik? Her damit.<\/strong> <strong>Lob? Mit Extra-Senf.<\/strong><br data-start=\"2799\" data-end=\"2802\" \/><em data-start=\"2805\" data-end=\"2854\">Feedback? Bring it. Praise? With extra mustard.<\/em><\/p>\t\t\t\t\t\t\t\t<\/div>\n\t\t\t\t<\/div>\n\t\t<div class=\"elementor-element elementor-element-8422fac e-con-full e-flex wpr-particle-no wpr-jarallax-no wpr-parallax-no wpr-sticky-section-no e-con e-child\" data-id=\"8422fac\" data-element_type=\"container\" data-settings=\"{&quot;background_background&quot;:&quot;classic&quot;,&quot;_ha_eqh_enable&quot;:false}\">\n\t\t\t\t<div class=\"elementor-element elementor-element-03382b9 exad-sticky-section-no exad-glass-effect-no elementor-widget elementor-widget-heading\" data-id=\"03382b9\" data-element_type=\"widget\" data-widget_type=\"heading.default\">\n\t\t\t\t\t<h2 class=\"elementor-heading-title elementor-size-default\">Woran wir glauben<\/h2>\t\t\t\t<\/div>\n\t\t\t\t<div class=\"elementor-element elementor-element-ce40e12 exad-sticky-section-no exad-glass-effect-no elementor-widget elementor-widget-text-editor\" data-id=\"ce40e12\" data-element_type=\"widget\" data-widget_type=\"text-editor.default\">\n\t\t\t\t\t\t\t\t\t<p data-start=\"2568\" data-end=\"2640\">Frische Zutaten, faire Portionen, flotte Spr\u00fcche. Wir servieren <strong data-start=\"1942\" data-end=\"1963\">schnell, herzlich<\/strong> und ohne Wurst-Case-Szenarien. Deine Bestellung, dein Tempo, deine Extraw\u00fcnsche &#8211; wir nicken und stapeln.<\/p>\t\t\t\t\t\t\t\t<\/div>\n\t\t\t\t<\/div>\n\t\t\t\t<\/div>\n\t\t<div class=\"elementor-element elementor-element-53f50a2 e-flex e-con-boxed wpr-particle-no wpr-jarallax-no wpr-parallax-no wpr-sticky-section-no e-con e-parent\" data-id=\"53f50a2\" data-element_type=\"container\" data-settings=\"{&quot;background_background&quot;:&quot;classic&quot;,&quot;_ha_eqh_enable&quot;:false}\">\n\t\t\t\t\t<div class=\"e-con-inner\">\n\t\t\t\t\t<\/div>\n\t\t\t\t<\/div>\n\t\t\t\t<\/div>\n\t\t","protected":false},"excerpt":{"rendered":"<p>Die Crew Man nennt uns Ketchup-K\u00f6nig und Bun-Baronin \u2013 zusammen sind wir die Bun-Gang. Wenn\u2019s knackt, haben wir alles richtig gemacht. \u00dcber uns? \u00dcber lecker. Wir sind Crazy Foods: zwei Herzmenschen mit einem Soft-Spot f\u00fcr Streetfood, knacksfrische Dogs und So\u00dfen, die flirten. Aus einem Senffleck und einem Ketchup-L\u00e4cheln wurde eine Mission: Gute Laune im Br\u00f6tchen &#8211; \u00fcberall, wo wir hinrollen. Unsere Story (die Kurzversion) Er: \u201eTeam Senf.\u201c Sie: \u201eTeam Ketchup.\u201c Ergebnis: Team Wow. Nach unz\u00e4hligen Streetfood-Dates hatten wir pl\u00f6tzlich einen Bun im Ofen (kulinarisch!) \u2013 neun Monate sp\u00e4ter kam unser Baby auf die Welt: der Food Truck. Chrom, Charme, Chili \u2013 und jede Menge R\u00f6stzwiebeln. Was wir machen (und warum\u2019s Spa\u00df macht) Hotdogs &amp; Corn Dogs: knusprig, saftig, \u201enoch einen bitte\u201c.Hot dogs &amp; corn dogs: crispy, juicy, \u201cone more please.\u201d Toppings mit Charakter: von brav bis \u201ewer hat den Feuerl\u00f6scher?\u201c.Toppings with personality: from nice to \u201cwho\u2019s got the fire extinguisher?\u201d Vegan? Aber klar. Gleich viel Liebe, anderes Kost\u00fcm.Vegan? Absolutely. Same love, different outfit. Loaded Fries &amp; Friends: weil Pommes auch Gef\u00fchle haben.Loaded fries &amp; friends: because fries have feelings too. Hausregeln Mehr Toppings, weniger Topics.More toppings, fewer topics. Servietten sind Liebe. Nimm dir so viele du willst.Napkins are love. Take as many as you like. Kritik? Her damit. Lob? Mit Extra-Senf.Feedback? Bring it. Praise? With extra mustard. Woran wir glauben Frische Zutaten, faire Portionen, flotte Spr\u00fcche. Wir servieren schnell, herzlich und ohne Wurst-Case-Szenarien. Deine Bestellung, dein Tempo, deine Extraw\u00fcnsche &#8211; wir nicken und stapeln.<\/p>\n","protected":false},"author":1,"featured_media":0,"parent":0,"menu_order":0,"comment_status":"closed","ping_status":"closed","template":"","meta":{"footnotes":""},"class_list":["post-24","page","type-page","status-publish","hentry"],"_links":{"self":[{"href":"https:\/\/crazy-foods.de\/index.php?rest_route=\/wp\/v2\/pages\/24","targetHints":{"allow":["GET"]}}],"collection":[{"href":"https:\/\/crazy-foods.de\/index.php?rest_route=\/wp\/v2\/pages"}],"about":[{"href":"https:\/\/crazy-foods.de\/index.php?rest_route=\/wp\/v2\/types\/page"}],"author":[{"embeddable":true,"href":"https:\/\/crazy-foods.de\/index.php?rest_route=\/wp\/v2\/users\/1"}],"replies":[{"embeddable":true,"href":"https:\/\/crazy-foods.de\/index.php?rest_route=%2Fwp%2Fv2%2Fcomments&post=24"}],"version-history":[{"count":55,"href":"https:\/\/crazy-foods.de\/index.php?rest_route=\/wp\/v2\/pages\/24\/revisions"}],"predecessor-version":[{"id":409,"href":"https:\/\/crazy-foods.de\/index.php?rest_route=\/wp\/v2\/pages\/24\/revisions\/409"}],"wp:attachment":[{"href":"https:\/\/crazy-foods.de\/index.php?rest_route=%2Fwp%2Fv2%2Fmedia&parent=24"}],"curies":[{"name":"wp","href":"https:\/\/api.w.org\/{rel}","templated":true}]}}